{"id":3919,"date":"2022-09-09T16:38:22","date_gmt":"2022-09-09T21:38:22","guid":{"rendered":"https:\/\/stlco.org\/cms\/?page_id=3919"},"modified":"2024-01-29T17:49:18","modified_gmt":"2024-01-29T22:49:18","slug":"meet-the-2022-23-conductor-candidates","status":"publish","type":"page","link":"https:\/\/stlco.org\/cms\/meet-the-2022-23-conductor-candidates\/","title":{"rendered":"ARTISTIC DIRECTOR &#8211; DR. BARRY FORD"},"content":{"rendered":"\n<figure class=\"wp-block-image size-large\"><a href=\"https:\/\/stlco.org\/cms\/wp-content\/uploads\/2023\/05\/BarryFord_-06-scaled.jpg\"><img loading=\"lazy\" decoding=\"async\" width=\"1024\" height=\"684\" src=\"https:\/\/stlco.org\/cms\/wp-content\/uploads\/2023\/05\/BarryFord_-06-1024x684.jpg\" alt=\"\" class=\"wp-image-4013\" srcset=\"https:\/\/stlco.org\/cms\/wp-content\/uploads\/2023\/05\/BarryFord_-06-1024x684.jpg 1024w, https:\/\/stlco.org\/cms\/wp-content\/uploads\/2023\/05\/BarryFord_-06-300x200.jpg 300w, https:\/\/stlco.org\/cms\/wp-content\/uploads\/2023\/05\/BarryFord_-06-768x513.jpg 768w, https:\/\/stlco.org\/cms\/wp-content\/uploads\/2023\/05\/BarryFord_-06-1536x1025.jpg 1536w, https:\/\/stlco.org\/cms\/wp-content\/uploads\/2023\/05\/BarryFord_-06-2048x1367.jpg 2048w, https:\/\/stlco.org\/cms\/wp-content\/uploads\/2023\/05\/BarryFord_-06-360x240.jpg 360w, https:\/\/stlco.org\/cms\/wp-content\/uploads\/2023\/05\/BarryFord_-06-600x401.jpg 600w\" sizes=\"auto, (max-width: 1024px) 100vw, 1024px\" \/><\/a><\/figure>\n\n\n\n<p>The St. Louis Civic Orchestra is thrilled to announce the appointment of Dr. Barry Ford as its new Artistic Director. A highly esteemed conductor, musician, and music educator, he brings a wealth of experience and a deep passion for orchestral music to the renowned St. Louis Civic Orchestra.<\/p>\n\n\n\n<p>With an impressive background in orchestral conducting, composition, trumpet performance, and a commitment to artistic excellence, he is poised to lead the St. Louis Civic Orchestra into an exciting new chapter. His knowledge of diverse musical styles, extensive experience performing and conducting, and his dedication to fostering collaboration among musicians make him an ideal fit for the orchestra and its commitment to enriching the cultural landscape of St. Louis. His extensive repertoire encompasses classical, contemporary, and symphonic works, reflecting his commitment to artistic excellence and innovation.<\/p>\n\n\n\n<p>Born in 1964 in Ch\u00e2teauroux, France, Professor Barry Ford received his Bachelor of Music in Education from Northwestern University and his Master of Music from the University of Missouri.&nbsp; While at Northwestern University, Ford studied trumpet with Vincent Cichowicz and Luther Didrickson. He also studied conducting, arranging, and composition with John P. Paynter, Don Owens, and Jay Kawarsky.&nbsp; After teaching for several years in the public school system, Ford began studying composition and conducting at the University of Missouri with Edward Dolbashian, Dale Lonis, John Cheetham, and Thomas McKenney.&nbsp; His doctoral studies were in Composition at the University of Nebraska-Lincoln where he studied under the guidance of Randal Snyder, Eric Richards, and Tyler White.<\/p>\n\n\n\n<p>In 1996, at the request of the Carlos Gomes Foundation, Ford accepted a position as Professor of Trumpet at the Carlos Gomes Conservatory in Bel\u00e9m, Brazil. &nbsp;Concurrent to this appointment, he played principal trumpet with the newly formed Orquestra Sinf\u00f4nica do Theatro da Paz and Amaz\u00f4nia Jazz Band. Two years later, he was named music director and conductor of both groups. Ford continued in all of these positions while also later serving as the inaugural Professor of Trumpet at the State University of Par\u00e1 where he remained until returning to the U.S. to begin work at the University of Nebraska \u2013 Omaha (UNO) in 2004. While at UNO, he taught a wide range of subjects including composition, music history, music theory, and world music.&nbsp; In 2007, he was named Director of Orchestral Activities at UNO and directed the Heartland Philharmonic Orchestra and UNO Chamber Orchestra.&nbsp; In 2017, he served as Director of Orchestral Activities at the University of Missouri-Columbia. Upon completion of his contract, he assumed the position of Interim Director of Orchestras at Truman State University for the 2021-22 academic year.<\/p>\n\n\n\n<p><\/p>\n","protected":false},"excerpt":{"rendered":"<p>The St. Louis Civic Orchestra is thrilled to announce the appointment of Dr. Barry Ford as its new Artistic Director. A highly esteemed conductor, musician, and music educator, he brings a wealth of experience and a deep passion for orchestral music to the renowned St. Louis Civic Orchestra. With an [&hellip;]<\/p>\n","protected":false},"author":9,"featured_media":4013,"parent":0,"menu_order":0,"comment_status":"closed","ping_status":"closed","template":"","meta":{"footnotes":""},"class_list":["post-3919","page","type-page","status-publish","has-post-thumbnail","hentry"],"yoast_head":"<!-- This site is optimized with the Yoast SEO plugin v27.3 - https:\/\/yoast.com\/product\/yoast-seo-wordpress\/ -->\n<title>ARTISTIC DIRECTOR - DR. BARRY FORD - St. Louis Civic Orchestra<\/title>\n<meta name=\"robots\" content=\"index, follow, max-snippet:-1, max-image-preview:large, max-video-preview:-1\" \/>\n<link rel=\"canonical\" href=\"https:\/\/stlco.org\/cms\/meet-the-2022-23-conductor-candidates\/\" \/>\n<meta property=\"og:locale\" content=\"en_US\" \/>\n<meta property=\"og:type\" content=\"article\" \/>\n<meta property=\"og:title\" content=\"ARTISTIC DIRECTOR - DR. BARRY FORD - St. Louis Civic Orchestra\" \/>\n<meta property=\"og:description\" content=\"The St. Louis Civic Orchestra is thrilled to announce the appointment of Dr. Barry Ford as its new Artistic Director. A highly esteemed conductor, musician, and music educator, he brings a wealth of experience and a deep passion for orchestral music to the renowned St. Louis Civic Orchestra. With an [&hellip;]\" \/>\n<meta property=\"og:url\" content=\"https:\/\/stlco.org\/cms\/meet-the-2022-23-conductor-candidates\/\" \/>\n<meta property=\"og:site_name\" content=\"St. Louis Civic Orchestra\" \/>\n<meta property=\"article:publisher\" content=\"https:\/\/www.facebook.com\/StLouisCivicOrchestra\" \/>\n<meta property=\"article:modified_time\" content=\"2024-01-29T22:49:18+00:00\" \/>\n<meta property=\"og:image\" content=\"https:\/\/stlco.org\/cms\/wp-content\/uploads\/2023\/05\/BarryFord_-06-scaled.jpg\" \/>\n\t<meta property=\"og:image:width\" content=\"2560\" \/>\n\t<meta property=\"og:image:height\" content=\"1709\" \/>\n\t<meta property=\"og:image:type\" content=\"image\/jpeg\" \/>\n<meta name=\"twitter:card\" content=\"summary_large_image\" \/>\n<meta name=\"twitter:site\" content=\"@StLCivicOrch\" \/>\n<meta name=\"twitter:label1\" content=\"Est. reading time\" \/>\n\t<meta name=\"twitter:data1\" content=\"3 minutes\" \/>\n<script type=\"application\/ld+json\" class=\"yoast-schema-graph\">{\"@context\":\"https:\\\/\\\/schema.org\",\"@graph\":[{\"@type\":\"WebPage\",\"@id\":\"https:\\\/\\\/stlco.org\\\/cms\\\/meet-the-2022-23-conductor-candidates\\\/\",\"url\":\"https:\\\/\\\/stlco.org\\\/cms\\\/meet-the-2022-23-conductor-candidates\\\/\",\"name\":\"ARTISTIC DIRECTOR - DR. BARRY FORD - St. Louis Civic Orchestra\",\"isPartOf\":{\"@id\":\"https:\\\/\\\/stlco.org\\\/cms\\\/#website\"},\"primaryImageOfPage\":{\"@id\":\"https:\\\/\\\/stlco.org\\\/cms\\\/meet-the-2022-23-conductor-candidates\\\/#primaryimage\"},\"image\":{\"@id\":\"https:\\\/\\\/stlco.org\\\/cms\\\/meet-the-2022-23-conductor-candidates\\\/#primaryimage\"},\"thumbnailUrl\":\"https:\\\/\\\/stlco.org\\\/cms\\\/wp-content\\\/uploads\\\/2023\\\/05\\\/BarryFord_-06-scaled.jpg\",\"datePublished\":\"2022-09-09T21:38:22+00:00\",\"dateModified\":\"2024-01-29T22:49:18+00:00\",\"breadcrumb\":{\"@id\":\"https:\\\/\\\/stlco.org\\\/cms\\\/meet-the-2022-23-conductor-candidates\\\/#breadcrumb\"},\"inLanguage\":\"en-US\",\"potentialAction\":[{\"@type\":\"ReadAction\",\"target\":[\"https:\\\/\\\/stlco.org\\\/cms\\\/meet-the-2022-23-conductor-candidates\\\/\"]}]},{\"@type\":\"ImageObject\",\"inLanguage\":\"en-US\",\"@id\":\"https:\\\/\\\/stlco.org\\\/cms\\\/meet-the-2022-23-conductor-candidates\\\/#primaryimage\",\"url\":\"https:\\\/\\\/stlco.org\\\/cms\\\/wp-content\\\/uploads\\\/2023\\\/05\\\/BarryFord_-06-scaled.jpg\",\"contentUrl\":\"https:\\\/\\\/stlco.org\\\/cms\\\/wp-content\\\/uploads\\\/2023\\\/05\\\/BarryFord_-06-scaled.jpg\",\"width\":2560,\"height\":1709},{\"@type\":\"BreadcrumbList\",\"@id\":\"https:\\\/\\\/stlco.org\\\/cms\\\/meet-the-2022-23-conductor-candidates\\\/#breadcrumb\",\"itemListElement\":[{\"@type\":\"ListItem\",\"position\":1,\"name\":\"Home\",\"item\":\"https:\\\/\\\/stlco.org\\\/cms\\\/\"},{\"@type\":\"ListItem\",\"position\":2,\"name\":\"ARTISTIC DIRECTOR &#8211; DR. BARRY FORD\"}]},{\"@type\":\"WebSite\",\"@id\":\"https:\\\/\\\/stlco.org\\\/cms\\\/#website\",\"url\":\"https:\\\/\\\/stlco.org\\\/cms\\\/\",\"name\":\"St. Louis Civic Orchestra\",\"description\":\"Live classical music from a St. Louis, Missouri Community Symphony Orchestra\",\"publisher\":{\"@id\":\"https:\\\/\\\/stlco.org\\\/cms\\\/#organization\"},\"potentialAction\":[{\"@type\":\"SearchAction\",\"target\":{\"@type\":\"EntryPoint\",\"urlTemplate\":\"https:\\\/\\\/stlco.org\\\/cms\\\/?s={search_term_string}\"},\"query-input\":{\"@type\":\"PropertyValueSpecification\",\"valueRequired\":true,\"valueName\":\"search_term_string\"}}],\"inLanguage\":\"en-US\"},{\"@type\":\"Organization\",\"@id\":\"https:\\\/\\\/stlco.org\\\/cms\\\/#organization\",\"name\":\"St. Louis Civic Orchestra\",\"alternateName\":\"STLCO\",\"url\":\"https:\\\/\\\/stlco.org\\\/cms\\\/\",\"logo\":{\"@type\":\"ImageObject\",\"inLanguage\":\"en-US\",\"@id\":\"https:\\\/\\\/stlco.org\\\/cms\\\/#\\\/schema\\\/logo\\\/image\\\/\",\"url\":\"https:\\\/\\\/stlco.org\\\/cms\\\/wp-content\\\/uploads\\\/2018\\\/10\\\/cropped-cropped-Working_EditedLogo-01-3.png\",\"contentUrl\":\"https:\\\/\\\/stlco.org\\\/cms\\\/wp-content\\\/uploads\\\/2018\\\/10\\\/cropped-cropped-Working_EditedLogo-01-3.png\",\"width\":2098,\"height\":1397,\"caption\":\"St. Louis Civic Orchestra\"},\"image\":{\"@id\":\"https:\\\/\\\/stlco.org\\\/cms\\\/#\\\/schema\\\/logo\\\/image\\\/\"},\"sameAs\":[\"https:\\\/\\\/www.facebook.com\\\/StLouisCivicOrchestra\",\"https:\\\/\\\/x.com\\\/StLCivicOrch\",\"https:\\\/\\\/www.instagram.com\\\/stlcivicorchestra\"]}]}<\/script>\n<!-- \/ Yoast SEO plugin. -->","yoast_head_json":{"title":"ARTISTIC DIRECTOR - DR. BARRY FORD - St. Louis Civic Orchestra","robots":{"index":"index","follow":"follow","max-snippet":"max-snippet:-1","max-image-preview":"max-image-preview:large","max-video-preview":"max-video-preview:-1"},"canonical":"https:\/\/stlco.org\/cms\/meet-the-2022-23-conductor-candidates\/","og_locale":"en_US","og_type":"article","og_title":"ARTISTIC DIRECTOR - DR. BARRY FORD - St. Louis Civic Orchestra","og_description":"The St. Louis Civic Orchestra is thrilled to announce the appointment of Dr. Barry Ford as its new Artistic Director. A highly esteemed conductor, musician, and music educator, he brings a wealth of experience and a deep passion for orchestral music to the renowned St. Louis Civic Orchestra. With an [&hellip;]","og_url":"https:\/\/stlco.org\/cms\/meet-the-2022-23-conductor-candidates\/","og_site_name":"St. Louis Civic Orchestra","article_publisher":"https:\/\/www.facebook.com\/StLouisCivicOrchestra","article_modified_time":"2024-01-29T22:49:18+00:00","og_image":[{"width":2560,"height":1709,"url":"https:\/\/stlco.org\/cms\/wp-content\/uploads\/2023\/05\/BarryFord_-06-scaled.jpg","type":"image\/jpeg"}],"twitter_card":"summary_large_image","twitter_site":"@StLCivicOrch","twitter_misc":{"Est. reading time":"3 minutes"},"schema":{"@context":"https:\/\/schema.org","@graph":[{"@type":"WebPage","@id":"https:\/\/stlco.org\/cms\/meet-the-2022-23-conductor-candidates\/","url":"https:\/\/stlco.org\/cms\/meet-the-2022-23-conductor-candidates\/","name":"ARTISTIC DIRECTOR - DR. BARRY FORD - St. Louis Civic Orchestra","isPartOf":{"@id":"https:\/\/stlco.org\/cms\/#website"},"primaryImageOfPage":{"@id":"https:\/\/stlco.org\/cms\/meet-the-2022-23-conductor-candidates\/#primaryimage"},"image":{"@id":"https:\/\/stlco.org\/cms\/meet-the-2022-23-conductor-candidates\/#primaryimage"},"thumbnailUrl":"https:\/\/stlco.org\/cms\/wp-content\/uploads\/2023\/05\/BarryFord_-06-scaled.jpg","datePublished":"2022-09-09T21:38:22+00:00","dateModified":"2024-01-29T22:49:18+00:00","breadcrumb":{"@id":"https:\/\/stlco.org\/cms\/meet-the-2022-23-conductor-candidates\/#breadcrumb"},"inLanguage":"en-US","potentialAction":[{"@type":"ReadAction","target":["https:\/\/stlco.org\/cms\/meet-the-2022-23-conductor-candidates\/"]}]},{"@type":"ImageObject","inLanguage":"en-US","@id":"https:\/\/stlco.org\/cms\/meet-the-2022-23-conductor-candidates\/#primaryimage","url":"https:\/\/stlco.org\/cms\/wp-content\/uploads\/2023\/05\/BarryFord_-06-scaled.jpg","contentUrl":"https:\/\/stlco.org\/cms\/wp-content\/uploads\/2023\/05\/BarryFord_-06-scaled.jpg","width":2560,"height":1709},{"@type":"BreadcrumbList","@id":"https:\/\/stlco.org\/cms\/meet-the-2022-23-conductor-candidates\/#breadcrumb","itemListElement":[{"@type":"ListItem","position":1,"name":"Home","item":"https:\/\/stlco.org\/cms\/"},{"@type":"ListItem","position":2,"name":"ARTISTIC DIRECTOR &#8211; DR. BARRY FORD"}]},{"@type":"WebSite","@id":"https:\/\/stlco.org\/cms\/#website","url":"https:\/\/stlco.org\/cms\/","name":"St. Louis Civic Orchestra","description":"Live classical music from a St. Louis, Missouri Community Symphony Orchestra","publisher":{"@id":"https:\/\/stlco.org\/cms\/#organization"},"potentialAction":[{"@type":"SearchAction","target":{"@type":"EntryPoint","urlTemplate":"https:\/\/stlco.org\/cms\/?s={search_term_string}"},"query-input":{"@type":"PropertyValueSpecification","valueRequired":true,"valueName":"search_term_string"}}],"inLanguage":"en-US"},{"@type":"Organization","@id":"https:\/\/stlco.org\/cms\/#organization","name":"St. Louis Civic Orchestra","alternateName":"STLCO","url":"https:\/\/stlco.org\/cms\/","logo":{"@type":"ImageObject","inLanguage":"en-US","@id":"https:\/\/stlco.org\/cms\/#\/schema\/logo\/image\/","url":"https:\/\/stlco.org\/cms\/wp-content\/uploads\/2018\/10\/cropped-cropped-Working_EditedLogo-01-3.png","contentUrl":"https:\/\/stlco.org\/cms\/wp-content\/uploads\/2018\/10\/cropped-cropped-Working_EditedLogo-01-3.png","width":2098,"height":1397,"caption":"St. Louis Civic Orchestra"},"image":{"@id":"https:\/\/stlco.org\/cms\/#\/schema\/logo\/image\/"},"sameAs":["https:\/\/www.facebook.com\/StLouisCivicOrchestra","https:\/\/x.com\/StLCivicOrch","https:\/\/www.instagram.com\/stlcivicorchestra"]}]}},"_links":{"self":[{"href":"https:\/\/stlco.org\/cms\/wp-json\/wp\/v2\/pages\/3919","targetHints":{"allow":["GET"]}}],"collection":[{"href":"https:\/\/stlco.org\/cms\/wp-json\/wp\/v2\/pages"}],"about":[{"href":"https:\/\/stlco.org\/cms\/wp-json\/wp\/v2\/types\/page"}],"author":[{"embeddable":true,"href":"https:\/\/stlco.org\/cms\/wp-json\/wp\/v2\/users\/9"}],"replies":[{"embeddable":true,"href":"https:\/\/stlco.org\/cms\/wp-json\/wp\/v2\/comments?post=3919"}],"version-history":[{"count":6,"href":"https:\/\/stlco.org\/cms\/wp-json\/wp\/v2\/pages\/3919\/revisions"}],"predecessor-version":[{"id":4070,"href":"https:\/\/stlco.org\/cms\/wp-json\/wp\/v2\/pages\/3919\/revisions\/4070"}],"wp:featuredmedia":[{"embeddable":true,"href":"https:\/\/stlco.org\/cms\/wp-json\/wp\/v2\/media\/4013"}],"wp:attachment":[{"href":"https:\/\/stlco.org\/cms\/wp-json\/wp\/v2\/media?parent=3919"}],"curies":[{"name":"wp","href":"https:\/\/api.w.org\/{rel}","templated":true}]}}